{"id":1321,"date":"2020-11-25T14:09:45","date_gmt":"2020-11-25T13:09:45","guid":{"rendered":"http:\/\/20years.provins.se\/?page_id=1321"},"modified":"2020-11-25T14:09:45","modified_gmt":"2020-11-25T13:09:45","slug":"slutord","status":"publish","type":"page","link":"https:\/\/karolinskainnovations.ki.se\/20years\/sv\/slutord\/","title":{"rendered":"Slutord"},"content":{"rendered":"<div class=\"fusion-fullwidth fullwidth-box fusion-builder-row-1 nonhundred-percent-fullwidth non-hundred-percent-height-scrolling\" style=\"--awb-border-radius-top-left:0px;--awb-border-radius-top-right:0px;--awb-border-radius-bottom-right:0px;--awb-border-radius-bottom-left:0px;--awb-padding-right:10%;--awb-padding-left:8%;--awb-margin-top:5%;--awb-margin-bottom:5%;--awb-flex-wrap:wrap;\" ><div class=\"fusion-builder-row fusion-row\"><div class=\"fusion-layout-column fusion_builder_column fusion-builder-column-0 fusion_builder_column_3_4 3_4 fusion-three-fourth fusion-column-first\" style=\"--awb-bg-size:cover;width:75%;width:calc(75% - ( ( 8% ) * 0.75 ) );margin-right: 8%;\"><div class=\"fusion-column-wrapper fusion-column-has-shadow fusion-flex-column-wrapper-legacy\"><div class=\"fusion-title title fusion-title-1 fusion-sep-none fusion-title-text fusion-title-size-one\"><h1 class=\"fusion-title-heading title-heading-left fusion-responsive-typography-calculated\" style=\"margin:0;--fontSize:55;line-height:1.1;\"><h1 class=\"p1\">Inspirerar andra att utveckla sina id\u00e9er<\/h1><\/h1><\/div><div class=\"fusion-text fusion-text-1\"><h2 class=\"p1 fusion-responsive-typography-calculated\" style=\"--fontsize: 22; line-height: 1.2;\" data-fontsize=\"22\" data-lineheight=\"26.4px\">KI Innovations uppdrag \u00e4r att inspirera studenter och personal vid Karolinska Institutet att ta en extra titt p\u00e5 sina id\u00e9er och resultat ur ett patient- eller samh\u00e4llsperspektiv. Med r\u00e4tt st\u00f6d och v\u00e4gledning kan id\u00e9erna v\u00e4xa till fruktbara innovationer som kan hj\u00e4lpa till att l\u00f6sa utmaningarna inom dagens h\u00e4lso- och sjukv\u00e5rd.<\/h2>\n<p class=\"p2\">V\u00e5r uppgift \u00e4r att omge varje ny id\u00e9 med det st\u00f6d och n\u00e4tverk som beh\u00f6vs f\u00f6r att f\u00f6r\u00e4dla den till samh\u00e4llsnytta.<\/p>\n<p class=\"p2\">Vi str\u00e4var efter att ge det st\u00f6d som kr\u00e4vs f\u00f6r att omvandla id\u00e9erna till innovationer som kan implementeras och g\u00f6ra en verklig skillnad. Hittills har detta medverkat till att m\u00e5nga id\u00e9er starkt p\u00e5verkat utvecklingen av dagens h\u00e4lso- och sjukv\u00e5rd.<\/p>\n<p class=\"p2\">Denna webbplats lyfter n\u00e5gra exempel p\u00e5 hur forskningen vid Karolinska Institutet skapar samh\u00e4llsnytta. Den visar hur innovation, genom att skapa broar till andra expertomr\u00e5den, \u00e4ven berikar innovat\u00f6rernas egen forskning. H\u00e4r illustreras \u00e4ven det imponerande engagemang som driver innovat\u00f6rerna.<\/p>\n<p class=\"p2\">\u00c4ven v\u00e5ra id\u00e9rika studenters kreativitet och kraft resulterar i en rad innovationer. De kan bidra med nya \u00f6gon p\u00e5 saker och situationer som vi andra tar f\u00f6r givna. H\u00e4r finns en frihet i tanken som kan ge ov\u00e4ntade uppslag till f\u00f6rb\u00e4ttring.<\/p>\n<p class=\"p2\">Vi finns h\u00e4r f\u00f6r all personal inom Karolinska Institutet. V\u00e5rt st\u00f6d g\u00f6r mest nytta n\u00e4r vi kan coacha projekt under hela resan fr\u00e5n forskningsresultat till kommersiell tj\u00e4nst eller produkt.<\/p>\n<p class=\"p2\">V\u00e5rt syfte \u00e4r inspirera fler till att ta steget till att utveckla sina id\u00e9er vidare. Mycket finns att vinna, s\u00e5v\u00e4l f\u00f6r den enskilda individen, som f\u00f6r utvecklingen av samh\u00e4llet.<\/p>\n<p class=\"p2\">Morgondagens v\u00e4lf\u00e4rd byggs med kunskap som r\u00e5vara, och forskningen \u00e4r den motor som driver utvecklingen.<\/p>\n<p class=\"p2\">V\u00e5r r\u00e5dgivning och st\u00f6d sker i dag utan andra motkrav \u00e4n ett eget engagemang och en vilja att lyckas.<\/p>\n<\/div><div class=\"fusion-clearfix\"><\/div><\/div><\/div><div class=\"fusion-layout-column fusion_builder_column fusion-builder-column-1 fusion_builder_column_1_4 1_4 fusion-one-fourth fusion-column-last\" style=\"--awb-bg-color:#ffffff;--awb-bg-color-hover:#ffffff;--awb-bg-size:cover;width:25%;width:calc(25% - ( ( 8% ) * 0.25 ) );\"><div class=\"fusion-column-wrapper fusion-column-has-shadow fusion-flex-column-wrapper-legacy\"><div class=\"fusion-image-element fusion-image-align-center in-legacy-container\" style=\"text-align:center;--awb-margin-top:0%;--awb-margin-right:0%;--awb-margin-bottom:0%;--awb-margin-left:0%;--awb-max-width:100%;--awb-caption-title-font-family:var(--h2_typography-font-family);--awb-caption-title-font-weight:var(--h2_typography-font-weight);--awb-caption-title-font-style:var(--h2_typography-font-style);--awb-caption-title-size:var(--h2_typography-font-size);--awb-caption-title-transform:var(--h2_typography-text-transform);--awb-caption-title-line-height:var(--h2_typography-line-height);--awb-caption-title-letter-spacing:var(--h2_typography-letter-spacing);\"><div class=\"imageframe-align-center\"><span class=\" fusion-imageframe imageframe-none imageframe-1 hover-type-none\"><img decoding=\"async\" width=\"600\" height=\"600\" title=\"Lilian_600x600\" src=\"http:\/\/karolinskainnovations.ki.se\/20years\/\/wp-content\/uploads\/2020\/09\/Lilian_600x600.jpg\" alt class=\"img-responsive wp-image-699\" srcset=\"https:\/\/karolinskainnovations.ki.se\/20years\/wp-content\/uploads\/2020\/09\/Lilian_600x600-200x200.jpg 200w, https:\/\/karolinskainnovations.ki.se\/20years\/wp-content\/uploads\/2020\/09\/Lilian_600x600-400x400.jpg 400w, https:\/\/karolinskainnovations.ki.se\/20years\/wp-content\/uploads\/2020\/09\/Lilian_600x600.jpg 600w\" sizes=\"(max-width: 800px) 100vw, 400px\" \/><\/span><\/div><\/div><div class=\"fusion-text fusion-text-2\" style=\"--awb-font-size:15px;\"><p><strong>Lilian Wikstr\u00f6m, <\/strong>vd p\u00e5 KI Innovations<\/p>\n<\/div><div class=\"fusion-text fusion-text-3\"><h5><span style=\"color: #81cbd4;\">&#8221;Morgondagens v\u00e4lf\u00e4rd byggs med kunskap som r\u00e5vara, och forskningen \u00e4r den motor som driver utvecklingen.&#8221;<\/span><\/h5>\n<\/div><div class=\"fusion-clearfix\"><\/div><\/div><\/div><\/div><\/div>\n","protected":false},"excerpt":{"rendered":"","protected":false},"author":1,"featured_media":0,"parent":0,"menu_order":0,"comment_status":"closed","ping_status":"closed","template":"100-width.php","meta":{"footnotes":""},"class_list":["post-1321","page","type-page","status-publish","hentry"],"_links":{"self":[{"href":"https:\/\/karolinskainnovations.ki.se\/20years\/wp-json\/wp\/v2\/pages\/1321"}],"collection":[{"href":"https:\/\/karolinskainnovations.ki.se\/20years\/wp-json\/wp\/v2\/pages"}],"about":[{"href":"https:\/\/karolinskainnovations.ki.se\/20years\/wp-json\/wp\/v2\/types\/page"}],"author":[{"embeddable":true,"href":"https:\/\/karolinskainnovations.ki.se\/20years\/wp-json\/wp\/v2\/users\/1"}],"replies":[{"embeddable":true,"href":"https:\/\/karolinskainnovations.ki.se\/20years\/wp-json\/wp\/v2\/comments?post=1321"}],"version-history":[{"count":1,"href":"https:\/\/karolinskainnovations.ki.se\/20years\/wp-json\/wp\/v2\/pages\/1321\/revisions"}],"predecessor-version":[{"id":1322,"href":"https:\/\/karolinskainnovations.ki.se\/20years\/wp-json\/wp\/v2\/pages\/1321\/revisions\/1322"}],"wp:attachment":[{"href":"https:\/\/karolinskainnovations.ki.se\/20years\/wp-json\/wp\/v2\/media?parent=1321"}],"curies":[{"name":"wp","href":"https:\/\/api.w.org\/{rel}","templated":true}]}}