{"id":1302,"date":"2020-11-25T13:38:46","date_gmt":"2020-11-25T12:38:46","guid":{"rendered":"http:\/\/20years.provins.se\/?page_id=1302"},"modified":"2021-02-18T14:10:05","modified_gmt":"2021-02-18T13:10:05","slug":"pharma-2","status":"publish","type":"page","link":"https:\/\/karolinskainnovations.ki.se\/20years\/sv\/pharma-2\/","title":{"rendered":"Pharma"},"content":{"rendered":"<div class=\"fusion-fullwidth fullwidth-box fusion-builder-row-1 nonhundred-percent-fullwidth non-hundred-percent-height-scrolling\" style=\"--awb-border-radius-top-left:0px;--awb-border-radius-top-right:0px;--awb-border-radius-bottom-right:0px;--awb-border-radius-bottom-left:0px;--awb-padding-right:10%;--awb-padding-left:8%;--awb-margin-top:5%;--awb-flex-wrap:wrap;\" ><div class=\"fusion-builder-row fusion-row\"><div class=\"fusion-layout-column fusion_builder_column fusion-builder-column-0 fusion_builder_column_1_1 1_1 fusion-one-full fusion-column-first fusion-column-last\" style=\"--awb-bg-size:cover;\"><div class=\"fusion-column-wrapper fusion-column-has-shadow fusion-flex-column-wrapper-legacy\"><div class=\"fusion-title title fusion-title-1 fusion-sep-none fusion-title-text fusion-title-size-one\"><h1 class=\"fusion-title-heading title-heading-left fusion-responsive-typography-calculated\" style=\"margin:0;--fontSize:55;line-height:1.1;\"><h1 class=\"p1\">Ber\u00e4ttelser om l\u00e4kemedel<\/h1><\/h1><\/div><div class=\"fusion-blog-shortcode fusion-blog-shortcode-1 fusion-blog-archive fusion-blog-layout-grid-wrapper fusion-blog-pagination\"><style type=\"text\/css\">.fusion-blog-shortcode-1 .fusion-blog-layout-grid .fusion-post-grid{padding:20px;}.fusion-blog-shortcode-1 .fusion-posts-container{margin-left: -20px !important; margin-right:-20px !important;}<\/style><div class=\"fusion-posts-container fusion-posts-container-pagination fusion-blog-layout-grid fusion-blog-layout-grid-3 isotope fusion-blog-equal-heights\" data-pages=\"2\" data-grid-col-space=\"40\" style=\"margin: -20px -20px 0;min-height:500px;\"><article id=\"blog-1-post-1529\" class=\"fusion-post-grid post-1529 post type-post status-publish format-standard has-post-thumbnail hentry category-pharma-sv category-rising-stars-sv\">\n<div class=\"fusion-post-wrapper\" style=\"background-color:rgba(255,255,255,0);border:1px solid #ebeaea;border-bottom-width:3px;\">\n\n\t\t\t<div class=\"fusion-flexslider flexslider fusion-flexslider-loading fusion-post-slideshow\" style=\"border-color:#ebeaea;\">\n\t\t<ul class=\"slides\">\n\t\t\t\n\t\t\t\t\t\t\t\t\t\t\t\t\t\t<li><div  class=\"fusion-image-wrapper\" aria-haspopup=\"true\">\n\t\t\t\t\t\t\t<a href=\"https:\/\/karolinskainnovations.ki.se\/20years\/sv\/2021\/01\/22\/gesynta-pharma\/\" aria-label=\"Gesynta Pharma\">\n\t\t\t\t\t\t\t<img decoding=\"async\" width=\"600\" height=\"600\" src=\"https:\/\/karolinskainnovations.ki.se\/20years\/wp-content\/uploads\/2021\/01\/Gesynta600x600.jpg\" class=\"attachment-full size-full wp-post-image\" alt=\"\" srcset=\"https:\/\/karolinskainnovations.ki.se\/20years\/wp-content\/uploads\/2021\/01\/Gesynta600x600-200x200.jpg 200w, https:\/\/karolinskainnovations.ki.se\/20years\/wp-content\/uploads\/2021\/01\/Gesynta600x600-400x400.jpg 400w, https:\/\/karolinskainnovations.ki.se\/20years\/wp-content\/uploads\/2021\/01\/Gesynta600x600.jpg 600w\" sizes=\"(min-width: 2200px) 100vw, (min-width: 784px) 340px, (min-width: 712px) 510px, (min-width: 640px) 712px, \" \/>\t\t\t<\/a>\n\t\t\t\t\t\t\t<\/div>\n<\/li>\n\t\t\t\n\t\t\t\n\t\t\t\t\t\t\t\t\t\t\t\t\t\t\t\t\t\t\t\t\t\t\t\t\t\t\t\t\t\t\t\t\t\t\t\t\t\t\t\t\t\t\t\t\t\t\t\t\t\t\t\t\t\t\t\t\t\t\t\t\t\t\t\t\t\t\t\t<\/ul>\n\t<\/div>\n\t<div class=\"fusion-post-content-wrapper\" style=\"padding:30px 25px 20px 25px;\"><div class=\"fusion-post-content post-content\"><h2 class=\"blog-shortcode-post-title entry-title\"><a href=\"https:\/\/karolinskainnovations.ki.se\/20years\/sv\/2021\/01\/22\/gesynta-pharma\/\">Gesynta Pharma<\/a><\/h2><p class=\"fusion-single-line-meta\"><span class=\"vcard\" style=\"display: none;\"><span class=\"fn\"><a href=\"https:\/\/karolinskainnovations.ki.se\/20years\/author\/kidemo\/\" title=\"Inl\u00e4gg av KIdemo\" rel=\"author\">KIdemo<\/a><\/span><\/span><span class=\"updated\" style=\"display:none;\">2021-02-18T13:30:19+01:00<\/span><span>januari 22nd, 2021<\/span><span class=\"fusion-inline-sep\">|<\/span><\/p><div class=\"fusion-content-sep sep-double sep-solid\"><\/div><div class=\"fusion-post-content-container\"><p>Under 2020 reste Gesynta 190 miljoner kronor i en av \u00e5rets st\u00f6rsta privata biotechinvesteringar i Norden. Nu \u00e4r f\u00f6retaget ett steg n\u00e4rmare mot ett nytt l\u00e4kemedel f\u00f6r systemisk skleros. I framtiden h\u00e4grar flera innovativa behandlingar av olika inflammationssjukdomar, bland annat hj\u00e4rt-k\u00e4rlsjukdomar och cancer.<\/p><\/div><\/div><div class=\"fusion-meta-info\"><div class=\"fusion-alignleft\"><a class=\"fusion-read-more\" href=\"https:\/\/karolinskainnovations.ki.se\/20years\/sv\/2021\/01\/22\/gesynta-pharma\/\" aria-label=\"More on Gesynta Pharma\">L\u00e4s vidare<\/a><\/div><\/div><\/div><div class=\"fusion-clearfix\"><\/div><\/div>\n<\/article>\n<article id=\"blog-1-post-1224\" class=\"fusion-post-grid post-1224 post type-post status-publish format-standard has-post-thumbnail hentry category-pharma-sv\">\n<div class=\"fusion-post-wrapper\" style=\"background-color:rgba(255,255,255,0);border:1px solid #ebeaea;border-bottom-width:3px;\">\n\n\t\t\t<div class=\"fusion-flexslider flexslider fusion-flexslider-loading fusion-post-slideshow\" style=\"border-color:#ebeaea;\">\n\t\t<ul class=\"slides\">\n\t\t\t\n\t\t\t\t\t\t\t\t\t\t\t\t\t\t<li><div  class=\"fusion-image-wrapper\" aria-haspopup=\"true\">\n\t\t\t\t\t\t\t<a href=\"https:\/\/karolinskainnovations.ki.se\/20years\/sv\/2020\/11\/24\/modus-therapeutics-2\/\" aria-label=\"Modus Therapeutics\">\n\t\t\t\t\t\t\t<img decoding=\"async\" width=\"600\" height=\"600\" src=\"https:\/\/karolinskainnovations.ki.se\/20years\/wp-content\/uploads\/2019\/04\/modus_600.jpg\" class=\"attachment-full size-full wp-post-image\" alt=\"\" srcset=\"https:\/\/karolinskainnovations.ki.se\/20years\/wp-content\/uploads\/2019\/04\/modus_600-200x200.jpg 200w, https:\/\/karolinskainnovations.ki.se\/20years\/wp-content\/uploads\/2019\/04\/modus_600-400x400.jpg 400w, https:\/\/karolinskainnovations.ki.se\/20years\/wp-content\/uploads\/2019\/04\/modus_600.jpg 600w\" sizes=\"(min-width: 2200px) 100vw, (min-width: 784px) 340px, (min-width: 712px) 510px, (min-width: 640px) 712px, \" \/>\t\t\t<\/a>\n\t\t\t\t\t\t\t<\/div>\n<\/li>\n\t\t\t\n\t\t\t\n\t\t\t\t\t\t\t\t\t\t\t\t\t\t\t\t\t\t\t\t\t\t\t\t\t\t\t\t\t\t\t\t\t\t\t\t\t\t\t\t\t\t\t\t\t\t\t\t\t\t\t\t\t\t\t\t\t\t\t\t\t\t\t\t\t\t\t\t<\/ul>\n\t<\/div>\n\t<div class=\"fusion-post-content-wrapper\" style=\"padding:30px 25px 20px 25px;\"><div class=\"fusion-post-content post-content\"><h2 class=\"blog-shortcode-post-title entry-title\"><a href=\"https:\/\/karolinskainnovations.ki.se\/20years\/sv\/2020\/11\/24\/modus-therapeutics-2\/\">Modus Therapeutics<\/a><\/h2><p class=\"fusion-single-line-meta\"><span class=\"vcard\" style=\"display: none;\"><span class=\"fn\"><a href=\"https:\/\/karolinskainnovations.ki.se\/20years\/author\/kidemo\/\" title=\"Inl\u00e4gg av KIdemo\" rel=\"author\">KIdemo<\/a><\/span><\/span><span class=\"updated\" style=\"display:none;\">2021-02-18T14:03:53+01:00<\/span><span>november 24th, 2020<\/span><span class=\"fusion-inline-sep\">|<\/span><\/p><div class=\"fusion-content-sep sep-double sep-solid\"><\/div><div class=\"fusion-post-content-container\"><p>M\u00e5ng\u00e5rig forskning har lett Mats Wahlgren fram till ett m\u00f6jligt f\u00f6rsta l\u00e4kemedel mot de sv\u00e5ra manifestationerna av sicklecellanemi. En genetisk sjukdom som drabbar miljoner m\u00e4nniskor.<\/p><\/div><\/div><div class=\"fusion-meta-info\"><div class=\"fusion-alignleft\"><a class=\"fusion-read-more\" href=\"https:\/\/karolinskainnovations.ki.se\/20years\/sv\/2020\/11\/24\/modus-therapeutics-2\/\" aria-label=\"More on Modus Therapeutics\">L\u00e4s vidare<\/a><\/div><\/div><\/div><div class=\"fusion-clearfix\"><\/div><\/div>\n<\/article>\n<article id=\"blog-1-post-1254\" class=\"fusion-post-grid post-1254 post type-post status-publish format-standard has-post-thumbnail hentry category-pharma-sv\">\n<div class=\"fusion-post-wrapper\" style=\"background-color:rgba(255,255,255,0);border:1px solid #ebeaea;border-bottom-width:3px;\">\n\n\t\t\t<div class=\"fusion-flexslider flexslider fusion-flexslider-loading fusion-post-slideshow\" style=\"border-color:#ebeaea;\">\n\t\t<ul class=\"slides\">\n\t\t\t\n\t\t\t\t\t\t\t\t\t\t\t\t\t\t<li><div  class=\"fusion-image-wrapper\" aria-haspopup=\"true\">\n\t\t\t\t\t\t\t<a href=\"https:\/\/karolinskainnovations.ki.se\/20years\/sv\/2020\/11\/25\/sprint-bioscience-pelago-2\/\" aria-label=\"Sprint Bioscience\/Pelago\">\n\t\t\t\t\t\t\t<img decoding=\"async\" width=\"600\" height=\"600\" src=\"https:\/\/karolinskainnovations.ki.se\/20years\/wp-content\/uploads\/2020\/11\/sprint_600.jpg\" class=\"attachment-full size-full wp-post-image\" alt=\"\" srcset=\"https:\/\/karolinskainnovations.ki.se\/20years\/wp-content\/uploads\/2020\/11\/sprint_600-200x200.jpg 200w, https:\/\/karolinskainnovations.ki.se\/20years\/wp-content\/uploads\/2020\/11\/sprint_600-400x400.jpg 400w, https:\/\/karolinskainnovations.ki.se\/20years\/wp-content\/uploads\/2020\/11\/sprint_600.jpg 600w\" sizes=\"(min-width: 2200px) 100vw, (min-width: 784px) 340px, (min-width: 712px) 510px, (min-width: 640px) 712px, \" \/>\t\t\t<\/a>\n\t\t\t\t\t\t\t<\/div>\n<\/li>\n\t\t\t\n\t\t\t\n\t\t\t\t\t\t\t\t\t\t\t\t\t\t\t\t\t\t\t\t\t\t\t\t\t\t\t\t\t\t\t\t\t\t\t\t\t\t\t\t\t\t\t\t\t\t\t\t\t\t\t\t\t\t\t\t\t\t\t\t\t\t\t\t\t\t\t\t<\/ul>\n\t<\/div>\n\t<div class=\"fusion-post-content-wrapper\" style=\"padding:30px 25px 20px 25px;\"><div class=\"fusion-post-content post-content\"><h2 class=\"blog-shortcode-post-title entry-title\"><a href=\"https:\/\/karolinskainnovations.ki.se\/20years\/sv\/2020\/11\/25\/sprint-bioscience-pelago-2\/\">Sprint Bioscience\/Pelago<\/a><\/h2><p class=\"fusion-single-line-meta\"><span class=\"vcard\" style=\"display: none;\"><span class=\"fn\"><a href=\"https:\/\/karolinskainnovations.ki.se\/20years\/author\/kidemo\/\" title=\"Inl\u00e4gg av KIdemo\" rel=\"author\">KIdemo<\/a><\/span><\/span><span class=\"updated\" style=\"display:none;\">2021-02-18T13:51:31+01:00<\/span><span>november 25th, 2020<\/span><span class=\"fusion-inline-sep\">|<\/span><\/p><div class=\"fusion-content-sep sep-double sep-solid\"><\/div><div class=\"fusion-post-content-container\"><p>Toppforskning skapas genom teamarbete d\u00e4r framg\u00e5ngarna kommer fr\u00e5n att st\u00e4ndigt ifr\u00e5gas\u00e4tta sina resultat. P\u00e4r Nordlund liknar arbetet som forskningsledare vid uppgiften att skapa ett bra f\u00f6retagsteam.<\/p><\/div><\/div><div class=\"fusion-meta-info\"><div class=\"fusion-alignleft\"><a class=\"fusion-read-more\" href=\"https:\/\/karolinskainnovations.ki.se\/20years\/sv\/2020\/11\/25\/sprint-bioscience-pelago-2\/\" aria-label=\"More on Sprint Bioscience\/Pelago\">L\u00e4s vidare<\/a><\/div><\/div><\/div><div class=\"fusion-clearfix\"><\/div><\/div>\n<\/article>\n<article id=\"blog-1-post-1200\" class=\"fusion-post-grid post-1200 post type-post status-publish format-standard has-post-thumbnail hentry category-pharma-sv\">\n<div class=\"fusion-post-wrapper\" style=\"background-color:rgba(255,255,255,0);border:1px solid #ebeaea;border-bottom-width:3px;\">\n\n\t\t\t<div class=\"fusion-flexslider flexslider fusion-flexslider-loading fusion-post-slideshow\" style=\"border-color:#ebeaea;\">\n\t\t<ul class=\"slides\">\n\t\t\t\n\t\t\t\t\t\t\t\t\t\t\t\t\t\t<li><div  class=\"fusion-image-wrapper\" aria-haspopup=\"true\">\n\t\t\t\t\t\t\t<a href=\"https:\/\/karolinskainnovations.ki.se\/20years\/sv\/2020\/11\/24\/cellaviva-nextcell-pharma-sv-translation\/\" aria-label=\"Cellaviva\/Nextcell Pharma\">\n\t\t\t\t\t\t\t<img decoding=\"async\" width=\"600\" height=\"600\" src=\"https:\/\/karolinskainnovations.ki.se\/20years\/wp-content\/uploads\/2019\/04\/cellaviva_600.jpg\" class=\"attachment-full size-full wp-post-image\" alt=\"\" srcset=\"https:\/\/karolinskainnovations.ki.se\/20years\/wp-content\/uploads\/2019\/04\/cellaviva_600-200x200.jpg 200w, https:\/\/karolinskainnovations.ki.se\/20years\/wp-content\/uploads\/2019\/04\/cellaviva_600-400x400.jpg 400w, https:\/\/karolinskainnovations.ki.se\/20years\/wp-content\/uploads\/2019\/04\/cellaviva_600.jpg 600w\" sizes=\"(min-width: 2200px) 100vw, (min-width: 784px) 340px, (min-width: 712px) 510px, (min-width: 640px) 712px, \" \/>\t\t\t<\/a>\n\t\t\t\t\t\t\t<\/div>\n<\/li>\n\t\t\t\n\t\t\t\n\t\t\t\t\t\t\t\t\t\t\t\t\t\t\t\t\t\t\t\t\t\t\t\t\t\t\t\t\t\t\t\t\t\t\t\t\t\t\t\t\t\t\t\t\t\t\t\t\t\t\t\t\t\t\t\t\t\t\t\t\t\t\t\t\t\t\t\t<\/ul>\n\t<\/div>\n\t<div class=\"fusion-post-content-wrapper\" style=\"padding:30px 25px 20px 25px;\"><div class=\"fusion-post-content post-content\"><h2 class=\"blog-shortcode-post-title entry-title\"><a href=\"https:\/\/karolinskainnovations.ki.se\/20years\/sv\/2020\/11\/24\/cellaviva-nextcell-pharma-sv-translation\/\">Cellaviva\/Nextcell Pharma<\/a><\/h2><p class=\"fusion-single-line-meta\"><span class=\"vcard\" style=\"display: none;\"><span class=\"fn\"><a href=\"https:\/\/karolinskainnovations.ki.se\/20years\/author\/kidemo\/\" title=\"Inl\u00e4gg av KIdemo\" rel=\"author\">KIdemo<\/a><\/span><\/span><span class=\"updated\" style=\"display:none;\">2021-02-18T13:39:16+01:00<\/span><span>november 24th, 2020<\/span><span class=\"fusion-inline-sep\">|<\/span><\/p><div class=\"fusion-content-sep sep-double sep-solid\"><\/div><div class=\"fusion-post-content-container\"><p>Biobanken Cellaviva erbjuder blivande f\u00f6r\u00e4ldrar att spara stamceller fr\u00e5n navelstr\u00e4ngsblod och navelstr\u00e4ngsv\u00e4vnad vid f\u00f6rlossningen. Nu har erfarenheterna fr\u00e5n stamcellshanteringen lett fram till utvecklingen av ett av Sveriges f\u00f6rsta cellterapil\u00e4kemedel. \r\n<\/p><\/div><\/div><div class=\"fusion-meta-info\"><div class=\"fusion-alignleft\"><a class=\"fusion-read-more\" href=\"https:\/\/karolinskainnovations.ki.se\/20years\/sv\/2020\/11\/24\/cellaviva-nextcell-pharma-sv-translation\/\" aria-label=\"More on Cellaviva\/Nextcell Pharma\">L\u00e4s vidare<\/a><\/div><\/div><\/div><div class=\"fusion-clearfix\"><\/div><\/div>\n<\/article>\n<article id=\"blog-1-post-1892\" class=\"fusion-post-grid post-1892 post type-post status-publish format-standard has-post-thumbnail hentry category-pharma-sv category-rising-stars-sv\">\n<div class=\"fusion-post-wrapper\" style=\"background-color:rgba(255,255,255,0);border:1px solid #ebeaea;border-bottom-width:3px;\">\n\n\t\t\t<div class=\"fusion-flexslider flexslider fusion-flexslider-loading fusion-post-slideshow\" style=\"border-color:#ebeaea;\">\n\t\t<ul class=\"slides\">\n\t\t\t\n\t\t\t\t\t\t\t\t\t\t\t\t\t\t<li><div  class=\"fusion-image-wrapper\" aria-haspopup=\"true\">\n\t\t\t\t\t\t\t<a href=\"https:\/\/karolinskainnovations.ki.se\/20years\/sv\/2024\/01\/24\/anacardio\/\" aria-label=\"AnaCardio\">\n\t\t\t\t\t\t\t<img decoding=\"async\" width=\"1200\" height=\"1200\" src=\"https:\/\/karolinskainnovations.ki.se\/20years\/wp-content\/uploads\/2024\/01\/Anacardio-1200x1200-1.jpg\" class=\"attachment-full size-full wp-post-image\" alt=\"\" srcset=\"https:\/\/karolinskainnovations.ki.se\/20years\/wp-content\/uploads\/2024\/01\/Anacardio-1200x1200-1-200x200.jpg 200w, https:\/\/karolinskainnovations.ki.se\/20years\/wp-content\/uploads\/2024\/01\/Anacardio-1200x1200-1-400x400.jpg 400w, https:\/\/karolinskainnovations.ki.se\/20years\/wp-content\/uploads\/2024\/01\/Anacardio-1200x1200-1-600x600.jpg 600w, https:\/\/karolinskainnovations.ki.se\/20years\/wp-content\/uploads\/2024\/01\/Anacardio-1200x1200-1-800x800.jpg 800w, https:\/\/karolinskainnovations.ki.se\/20years\/wp-content\/uploads\/2024\/01\/Anacardio-1200x1200-1.jpg 1200w\" sizes=\"(min-width: 2200px) 100vw, (min-width: 784px) 340px, (min-width: 712px) 510px, (min-width: 640px) 712px, \" \/>\t\t\t<\/a>\n\t\t\t\t\t\t\t<\/div>\n<\/li>\n\t\t\t\n\t\t\t\n\t\t\t\t\t\t\t\t\t\t\t\t\t\t\t\t\t\t\t\t\t\t\t\t\t\t\t\t\t\t\t\t\t\t\t\t\t\t\t\t\t\t\t\t\t\t\t\t\t\t\t\t\t\t\t\t\t\t\t\t\t\t\t\t\t\t\t\t<\/ul>\n\t<\/div>\n\t<div class=\"fusion-post-content-wrapper\" style=\"padding:30px 25px 20px 25px;\"><div class=\"fusion-post-content post-content\"><h2 class=\"blog-shortcode-post-title entry-title\"><a href=\"https:\/\/karolinskainnovations.ki.se\/20years\/sv\/2024\/01\/24\/anacardio\/\">AnaCardio<\/a><\/h2><p class=\"fusion-single-line-meta\"><span class=\"vcard\" style=\"display: none;\"><span class=\"fn\"><a href=\"https:\/\/karolinskainnovations.ki.se\/20years\/author\/kidemo\/\" title=\"Inl\u00e4gg av KIdemo\" rel=\"author\">KIdemo<\/a><\/span><\/span><span class=\"updated\" style=\"display:none;\">2024-03-05T10:19:25+01:00<\/span><span>januari 24th, 2024<\/span><span class=\"fusion-inline-sep\">|<\/span><\/p><div class=\"fusion-content-sep sep-double sep-solid\"><\/div><div class=\"fusion-post-content-container\"><p>Baserat p\u00e5 forskning vid Karolinska Institutet utvecklar AnaCardio ett helt nytt l\u00e4kemedelskoncept mot kronisk hj\u00e4rtsvikt. Redan fr\u00e5n starten har f\u00f6retaget f\u00e5tt st\u00f6d av KI Innovations.<\/p><\/div><\/div><div class=\"fusion-meta-info\"><div class=\"fusion-alignleft\"><a class=\"fusion-read-more\" href=\"https:\/\/karolinskainnovations.ki.se\/20years\/sv\/2024\/01\/24\/anacardio\/\" aria-label=\"More on AnaCardio\">L\u00e4s vidare<\/a><\/div><\/div><\/div><div class=\"fusion-clearfix\"><\/div><\/div>\n<\/article>\n<article id=\"blog-1-post-1209\" class=\"fusion-post-grid post-1209 post type-post status-publish format-standard has-post-thumbnail hentry category-pharma-sv\">\n<div class=\"fusion-post-wrapper\" style=\"background-color:rgba(255,255,255,0);border:1px solid #ebeaea;border-bottom-width:3px;\">\n\n\t\t\t<div class=\"fusion-flexslider flexslider fusion-flexslider-loading fusion-post-slideshow\" style=\"border-color:#ebeaea;\">\n\t\t<ul class=\"slides\">\n\t\t\t\n\t\t\t\t\t\t\t\t\t\t\t\t\t\t<li><div  class=\"fusion-image-wrapper\" aria-haspopup=\"true\">\n\t\t\t\t\t\t\t<a href=\"https:\/\/karolinskainnovations.ki.se\/20years\/sv\/2020\/11\/24\/curosurf-2\/\" aria-label=\"Curosurf\">\n\t\t\t\t\t\t\t<img decoding=\"async\" width=\"600\" height=\"600\" src=\"https:\/\/karolinskainnovations.ki.se\/20years\/wp-content\/uploads\/2019\/03\/tore_600.jpg\" class=\"attachment-full size-full wp-post-image\" alt=\"\" srcset=\"https:\/\/karolinskainnovations.ki.se\/20years\/wp-content\/uploads\/2019\/03\/tore_600-200x200.jpg 200w, https:\/\/karolinskainnovations.ki.se\/20years\/wp-content\/uploads\/2019\/03\/tore_600-400x400.jpg 400w, https:\/\/karolinskainnovations.ki.se\/20years\/wp-content\/uploads\/2019\/03\/tore_600.jpg 600w\" sizes=\"(min-width: 2200px) 100vw, (min-width: 784px) 340px, (min-width: 712px) 510px, (min-width: 640px) 712px, \" \/>\t\t\t<\/a>\n\t\t\t\t\t\t\t<\/div>\n<\/li>\n\t\t\t\n\t\t\t\n\t\t\t\t\t\t\t\t\t\t\t\t\t\t\t\t\t\t\t\t\t\t\t\t\t\t\t\t\t\t\t\t\t\t\t\t\t\t\t\t\t\t\t\t\t\t\t\t\t\t\t\t\t\t\t\t\t\t\t\t\t\t\t\t\t\t\t\t<\/ul>\n\t<\/div>\n\t<div class=\"fusion-post-content-wrapper\" style=\"padding:30px 25px 20px 25px;\"><div class=\"fusion-post-content post-content\"><h2 class=\"blog-shortcode-post-title entry-title\"><a href=\"https:\/\/karolinskainnovations.ki.se\/20years\/sv\/2020\/11\/24\/curosurf-2\/\">Curosurf<\/a><\/h2><p class=\"fusion-single-line-meta\"><span class=\"vcard\" style=\"display: none;\"><span class=\"fn\"><a href=\"https:\/\/karolinskainnovations.ki.se\/20years\/author\/kidemo\/\" title=\"Inl\u00e4gg av KIdemo\" rel=\"author\">KIdemo<\/a><\/span><\/span><span class=\"updated\" style=\"display:none;\">2021-02-18T13:40:17+01:00<\/span><span>november 24th, 2020<\/span><span class=\"fusion-inline-sep\">|<\/span><\/p><div class=\"fusion-content-sep sep-double sep-solid\"><\/div><div class=\"fusion-post-content-container\"><p>Historien om Curosurf \u00e4r en framg\u00e5ngssaga. I dagsl\u00e4get har l\u00e4kemedlet r\u00e4ddat livet p\u00e5 cirka en miljon barn v\u00e4rlden \u00f6ver. Samtidigt \u00e4r sagan l\u00e5ngt ifr\u00e5n \u00f6ver. Tore Curstedt \u00e5terv\u00e4nder varje dag till labbet, sina 73 \u00e5r till trots. D\u00e4r har han tagit fram en ny variant som kan n\u00e5 m\u00e5ngdubbelt fler barn i framtiden. <\/p><\/div><\/div><div class=\"fusion-meta-info\"><div class=\"fusion-alignleft\"><a class=\"fusion-read-more\" href=\"https:\/\/karolinskainnovations.ki.se\/20years\/sv\/2020\/11\/24\/curosurf-2\/\" aria-label=\"More on Curosurf\">L\u00e4s vidare<\/a><\/div><\/div><\/div><div class=\"fusion-clearfix\"><\/div><\/div>\n<\/article>\n<div class=\"fusion-clearfix\"><\/div><\/div><div class=\"pagination clearfix\"><span class=\"current\">1<\/span><a href=\"https:\/\/karolinskainnovations.ki.se\/20years\/wp-json\/wp\/v2\/pages\/1302\/page\/2\/\" class=\"inactive\">2<\/a><a class=\"pagination-next\" rel=\"next\" href=\"https:\/\/karolinskainnovations.ki.se\/20years\/wp-json\/wp\/v2\/pages\/1302\/page\/2\/\"><span class=\"page-text\">N\u00e4sta<\/span><span class=\"page-next\"><\/span><\/a><\/div><div class=\"fusion-clearfix\"><\/div><\/div><div class=\"fusion-clearfix\"><\/div><\/div><\/div><\/div><\/div>\n","protected":false},"excerpt":{"rendered":"","protected":false},"author":1,"featured_media":0,"parent":0,"menu_order":0,"comment_status":"closed","ping_status":"closed","template":"100-width.php","meta":{"footnotes":""},"class_list":["post-1302","page","type-page","status-publish","hentry"],"_links":{"self":[{"href":"https:\/\/karolinskainnovations.ki.se\/20years\/wp-json\/wp\/v2\/pages\/1302"}],"collection":[{"href":"https:\/\/karolinskainnovations.ki.se\/20years\/wp-json\/wp\/v2\/pages"}],"about":[{"href":"https:\/\/karolinskainnovations.ki.se\/20years\/wp-json\/wp\/v2\/types\/page"}],"author":[{"embeddable":true,"href":"https:\/\/karolinskainnovations.ki.se\/20years\/wp-json\/wp\/v2\/users\/1"}],"replies":[{"embeddable":true,"href":"https:\/\/karolinskainnovations.ki.se\/20years\/wp-json\/wp\/v2\/comments?post=1302"}],"version-history":[{"count":2,"href":"https:\/\/karolinskainnovations.ki.se\/20years\/wp-json\/wp\/v2\/pages\/1302\/revisions"}],"predecessor-version":[{"id":1724,"href":"https:\/\/karolinskainnovations.ki.se\/20years\/wp-json\/wp\/v2\/pages\/1302\/revisions\/1724"}],"wp:attachment":[{"href":"https:\/\/karolinskainnovations.ki.se\/20years\/wp-json\/wp\/v2\/media?parent=1302"}],"curies":[{"name":"wp","href":"https:\/\/api.w.org\/{rel}","templated":true}]}}